{"id":6486,"date":"2022-04-12T10:24:16","date_gmt":"2022-04-12T09:24:16","guid":{"rendered":"https:\/\/www.filedoc.com\/gestao-de-acessos\/"},"modified":"2022-08-25T09:41:47","modified_gmt":"2022-08-25T08:41:47","slug":"gestion-del-acceso","status":"publish","type":"page","link":"https:\/\/www.filedoc.com\/es\/funcionalidades\/gestion-del-acceso\/","title":{"rendered":"Gesti\u00f3n del acceso"},"content":{"rendered":"<p>El acceso a cualquier tipo de documento, como documentos financieros, contratos, documentaci\u00f3n comercial, documentos de recursos humanos o informaci\u00f3n confidencial, se controla mediante un sistema de acceso s\u00f3lido y flexible. <\/p>\n","protected":false},"excerpt":{"rendered":"<p>El acceso a cualquier tipo de documento, como documentos financieros, contratos, documentaci\u00f3n comercial, documentos de recursos humanos o informaci\u00f3n confidencial, se controla mediante un sistema de acceso s\u00f3lido y flexible.<\/p>\n","protected":false},"author":2,"featured_media":9197,"parent":6534,"menu_order":0,"comment_status":"closed","ping_status":"closed","template":"","meta":{"_acf_changed":false,"footnotes":""},"class_list":["post-6486","page","type-page","status-publish","has-post-thumbnail","hentry"],"acf":[],"aioseo_notices":[],"_links":{"self":[{"href":"https:\/\/www.filedoc.com\/es\/wp-json\/wp\/v2\/pages\/6486","targetHints":{"allow":["GET"]}}],"collection":[{"href":"https:\/\/www.filedoc.com\/es\/wp-json\/wp\/v2\/pages"}],"about":[{"href":"https:\/\/www.filedoc.com\/es\/wp-json\/wp\/v2\/types\/page"}],"author":[{"embeddable":true,"href":"https:\/\/www.filedoc.com\/es\/wp-json\/wp\/v2\/users\/2"}],"replies":[{"embeddable":true,"href":"https:\/\/www.filedoc.com\/es\/wp-json\/wp\/v2\/comments?post=6486"}],"version-history":[{"count":3,"href":"https:\/\/www.filedoc.com\/es\/wp-json\/wp\/v2\/pages\/6486\/revisions"}],"predecessor-version":[{"id":6553,"href":"https:\/\/www.filedoc.com\/es\/wp-json\/wp\/v2\/pages\/6486\/revisions\/6553"}],"up":[{"embeddable":true,"href":"https:\/\/www.filedoc.com\/es\/wp-json\/wp\/v2\/pages\/6534"}],"wp:featuredmedia":[{"embeddable":true,"href":"https:\/\/www.filedoc.com\/es\/wp-json\/wp\/v2\/media\/9197"}],"wp:attachment":[{"href":"https:\/\/www.filedoc.com\/es\/wp-json\/wp\/v2\/media?parent=6486"}],"curies":[{"name":"wp","href":"https:\/\/api.w.org\/{rel}","templated":true}]}}