{"id":6483,"date":"2022-04-12T10:08:49","date_gmt":"2022-04-12T09:08:49","guid":{"rendered":"https:\/\/www.filedoc.com\/a-plataforma\/porque-o-filedoc\/"},"modified":"2022-08-25T09:43:09","modified_gmt":"2022-08-25T08:43:09","slug":"por-que-filedoc","status":"publish","type":"page","link":"https:\/\/www.filedoc.com\/es\/la-plataforma\/por-que-filedoc\/","title":{"rendered":"\u00bfPor qu\u00e9 Filedoc?"},"content":{"rendered":"<p>Vea c\u00f3mo empresas como la suya ya est\u00e1n utilizando Filedoc para automatizar, proteger y reducir los errores y las tareas repetitivas en los procesos empresariales, aumentando la eficiencia operativa.<\/p>\n","protected":false},"excerpt":{"rendered":"<p>Vea c\u00f3mo empresas como la suya ya est\u00e1n utilizando Filedoc para automatizar, proteger y reducir los errores y las tareas repetitivas en los procesos empresariales, aumentando la eficiencia operativa.<\/p>\n","protected":false},"author":2,"featured_media":6350,"parent":6422,"menu_order":0,"comment_status":"closed","ping_status":"closed","template":"","meta":{"_acf_changed":false,"footnotes":""},"class_list":["post-6483","page","type-page","status-publish","has-post-thumbnail","hentry"],"acf":[],"aioseo_notices":[],"_links":{"self":[{"href":"https:\/\/www.filedoc.com\/es\/wp-json\/wp\/v2\/pages\/6483","targetHints":{"allow":["GET"]}}],"collection":[{"href":"https:\/\/www.filedoc.com\/es\/wp-json\/wp\/v2\/pages"}],"about":[{"href":"https:\/\/www.filedoc.com\/es\/wp-json\/wp\/v2\/types\/page"}],"author":[{"embeddable":true,"href":"https:\/\/www.filedoc.com\/es\/wp-json\/wp\/v2\/users\/2"}],"replies":[{"embeddable":true,"href":"https:\/\/www.filedoc.com\/es\/wp-json\/wp\/v2\/comments?post=6483"}],"version-history":[{"count":3,"href":"https:\/\/www.filedoc.com\/es\/wp-json\/wp\/v2\/pages\/6483\/revisions"}],"predecessor-version":[{"id":6557,"href":"https:\/\/www.filedoc.com\/es\/wp-json\/wp\/v2\/pages\/6483\/revisions\/6557"}],"up":[{"embeddable":true,"href":"https:\/\/www.filedoc.com\/es\/wp-json\/wp\/v2\/pages\/6422"}],"wp:featuredmedia":[{"embeddable":true,"href":"https:\/\/www.filedoc.com\/es\/wp-json\/wp\/v2\/media\/6350"}],"wp:attachment":[{"href":"https:\/\/www.filedoc.com\/es\/wp-json\/wp\/v2\/media?parent=6483"}],"curies":[{"name":"wp","href":"https:\/\/api.w.org\/{rel}","templated":true}]}}