{"id":6477,"date":"2022-04-12T09:54:02","date_gmt":"2022-04-12T08:54:02","guid":{"rendered":"https:\/\/www.filedoc.com\/a-plataforma\/integracoes-e-extensibilidade\/"},"modified":"2025-10-10T12:54:10","modified_gmt":"2025-10-10T11:54:10","slug":"integraciones-y-extensibilidad","status":"publish","type":"page","link":"https:\/\/www.filedoc.com\/es\/la-plataforma\/integraciones-y-extensibilidad\/","title":{"rendered":"Integraciones y extensibilidad"},"content":{"rendered":"<p>El software Filedoc proporciona un conjunto de interfaces basadas en servicios web, cuya misi\u00f3n es garantizar el env\u00edo y la recepci\u00f3n de informaci\u00f3n sin fisuras entre las aplicaciones, a trav\u00e9s de una integraci\u00f3n flexible, segura y basada en los est\u00e1ndares del mercado.<\/p>\n","protected":false},"excerpt":{"rendered":"<p>El software Filedoc proporciona un conjunto de interfaces basadas en servicios web, cuya misi\u00f3n es garantizar el env\u00edo y la recepci\u00f3n de informaci\u00f3n sin fisuras entre las aplicaciones, a trav\u00e9s de una integraci\u00f3n flexible, segura y basada en los est\u00e1ndares del mercado.<\/p>\n","protected":false},"author":2,"featured_media":6358,"parent":6422,"menu_order":0,"comment_status":"closed","ping_status":"closed","template":"","meta":{"_acf_changed":false,"footnotes":""},"class_list":["post-6477","page","type-page","status-publish","has-post-thumbnail","hentry"],"acf":[],"aioseo_notices":[],"_links":{"self":[{"href":"https:\/\/www.filedoc.com\/es\/wp-json\/wp\/v2\/pages\/6477","targetHints":{"allow":["GET"]}}],"collection":[{"href":"https:\/\/www.filedoc.com\/es\/wp-json\/wp\/v2\/pages"}],"about":[{"href":"https:\/\/www.filedoc.com\/es\/wp-json\/wp\/v2\/types\/page"}],"author":[{"embeddable":true,"href":"https:\/\/www.filedoc.com\/es\/wp-json\/wp\/v2\/users\/2"}],"replies":[{"embeddable":true,"href":"https:\/\/www.filedoc.com\/es\/wp-json\/wp\/v2\/comments?post=6477"}],"version-history":[{"count":8,"href":"https:\/\/www.filedoc.com\/es\/wp-json\/wp\/v2\/pages\/6477\/revisions"}],"predecessor-version":[{"id":8974,"href":"https:\/\/www.filedoc.com\/es\/wp-json\/wp\/v2\/pages\/6477\/revisions\/8974"}],"up":[{"embeddable":true,"href":"https:\/\/www.filedoc.com\/es\/wp-json\/wp\/v2\/pages\/6422"}],"wp:featuredmedia":[{"embeddable":true,"href":"https:\/\/www.filedoc.com\/es\/wp-json\/wp\/v2\/media\/6358"}],"wp:attachment":[{"href":"https:\/\/www.filedoc.com\/es\/wp-json\/wp\/v2\/media?parent=6477"}],"curies":[{"name":"wp","href":"https:\/\/api.w.org\/{rel}","templated":true}]}}