{"id":6471,"date":"2022-04-12T08:27:07","date_gmt":"2022-04-12T07:27:07","guid":{"rendered":"https:\/\/www.filedoc.com\/a-plataforma\/principais-funcionalidades\/"},"modified":"2022-08-25T17:04:04","modified_gmt":"2022-08-25T16:04:04","slug":"principales-funcionalidades","status":"publish","type":"page","link":"https:\/\/www.filedoc.com\/es\/la-plataforma\/principales-funcionalidades\/","title":{"rendered":"Principales funcionalidades"},"content":{"rendered":"<p>Filedoc es una plataforma que le permite capturar, indexar, procesar y utilizar la informaci\u00f3n de toda su organizaci\u00f3n. Los equipos se vuelven m\u00e1s \u00e1giles y eficientes, los flujos de trabajo se desmaterializan y automatizan y sus datos se mantienen protegidos en un archivo seguro y centralizado.<\/p>\n","protected":false},"excerpt":{"rendered":"<p>Filedoc es una plataforma que le permite capturar, indexar, procesar y utilizar la informaci\u00f3n de toda su organizaci\u00f3n. Los equipos se vuelven m\u00e1s \u00e1giles y eficientes, los flujos de trabajo se desmaterializan y automatizan y sus datos se mantienen protegidos en un archivo seguro y centralizado.<\/p>\n","protected":false},"author":2,"featured_media":6344,"parent":6422,"menu_order":0,"comment_status":"closed","ping_status":"closed","template":"","meta":{"_acf_changed":false,"footnotes":""},"class_list":["post-6471","page","type-page","status-publish","has-post-thumbnail","hentry"],"acf":[],"aioseo_notices":[],"_links":{"self":[{"href":"https:\/\/www.filedoc.com\/es\/wp-json\/wp\/v2\/pages\/6471","targetHints":{"allow":["GET"]}}],"collection":[{"href":"https:\/\/www.filedoc.com\/es\/wp-json\/wp\/v2\/pages"}],"about":[{"href":"https:\/\/www.filedoc.com\/es\/wp-json\/wp\/v2\/types\/page"}],"author":[{"embeddable":true,"href":"https:\/\/www.filedoc.com\/es\/wp-json\/wp\/v2\/users\/2"}],"replies":[{"embeddable":true,"href":"https:\/\/www.filedoc.com\/es\/wp-json\/wp\/v2\/comments?post=6471"}],"version-history":[{"count":5,"href":"https:\/\/www.filedoc.com\/es\/wp-json\/wp\/v2\/pages\/6471\/revisions"}],"predecessor-version":[{"id":6688,"href":"https:\/\/www.filedoc.com\/es\/wp-json\/wp\/v2\/pages\/6471\/revisions\/6688"}],"up":[{"embeddable":true,"href":"https:\/\/www.filedoc.com\/es\/wp-json\/wp\/v2\/pages\/6422"}],"wp:featuredmedia":[{"embeddable":true,"href":"https:\/\/www.filedoc.com\/es\/wp-json\/wp\/v2\/media\/6344"}],"wp:attachment":[{"href":"https:\/\/www.filedoc.com\/es\/wp-json\/wp\/v2\/media?parent=6471"}],"curies":[{"name":"wp","href":"https:\/\/api.w.org\/{rel}","templated":true}]}}