{"id":6457,"date":"2022-04-08T16:52:23","date_gmt":"2022-04-08T15:52:23","guid":{"rendered":"https:\/\/www.filedoc.com\/arquivo-seguro-de-documentos\/"},"modified":"2025-11-26T16:12:30","modified_gmt":"2025-11-26T16:12:30","slug":"archivo-seguro-de-documentos","status":"publish","type":"page","link":"https:\/\/www.filedoc.com\/es\/soluciones\/archivo-seguro-de-documentos\/","title":{"rendered":"Archivo seguro de documentos"},"content":{"rendered":"<p>Es fundamental para cualquier organizaci\u00f3n que su informaci\u00f3n est\u00e9 protegida. Los documentos financieros y empresariales, la informaci\u00f3n de los empleados, los contratos y la informaci\u00f3n confidencial, entre otros, requieren un repositorio organizado y seguro para proteger lo que no debe perderse, comprometerse o accederse de forma inapropiada.<\/p>\n","protected":false},"excerpt":{"rendered":"<p>Es fundamental para cualquier organizaci\u00f3n que su informaci\u00f3n est\u00e9 protegida. Los documentos financieros y empresariales, la informaci\u00f3n de los empleados, los contratos y la informaci\u00f3n confidencial, entre otros, requieren un repositorio organizado y seguro para proteger lo que no debe perderse, comprometerse o accederse de forma inapropiada.<\/p>\n","protected":false},"author":2,"featured_media":6349,"parent":6517,"menu_order":0,"comment_status":"closed","ping_status":"closed","template":"","meta":{"_acf_changed":false,"footnotes":""},"class_list":["post-6457","page","type-page","status-publish","has-post-thumbnail","hentry"],"acf":[],"aioseo_notices":[],"_links":{"self":[{"href":"https:\/\/www.filedoc.com\/es\/wp-json\/wp\/v2\/pages\/6457","targetHints":{"allow":["GET"]}}],"collection":[{"href":"https:\/\/www.filedoc.com\/es\/wp-json\/wp\/v2\/pages"}],"about":[{"href":"https:\/\/www.filedoc.com\/es\/wp-json\/wp\/v2\/types\/page"}],"author":[{"embeddable":true,"href":"https:\/\/www.filedoc.com\/es\/wp-json\/wp\/v2\/users\/2"}],"replies":[{"embeddable":true,"href":"https:\/\/www.filedoc.com\/es\/wp-json\/wp\/v2\/comments?post=6457"}],"version-history":[{"count":4,"href":"https:\/\/www.filedoc.com\/es\/wp-json\/wp\/v2\/pages\/6457\/revisions"}],"predecessor-version":[{"id":9853,"href":"https:\/\/www.filedoc.com\/es\/wp-json\/wp\/v2\/pages\/6457\/revisions\/9853"}],"up":[{"embeddable":true,"href":"https:\/\/www.filedoc.com\/es\/wp-json\/wp\/v2\/pages\/6517"}],"wp:featuredmedia":[{"embeddable":true,"href":"https:\/\/www.filedoc.com\/es\/wp-json\/wp\/v2\/media\/6349"}],"wp:attachment":[{"href":"https:\/\/www.filedoc.com\/es\/wp-json\/wp\/v2\/media?parent=6457"}],"curies":[{"name":"wp","href":"https:\/\/api.w.org\/{rel}","templated":true}]}}