{"id":6451,"date":"2022-04-08T15:41:20","date_gmt":"2022-04-08T14:41:20","guid":{"rendered":"https:\/\/www.filedoc.com\/gestao-de-documentos-em-recursos-humanos\/"},"modified":"2025-11-26T16:10:23","modified_gmt":"2025-11-26T16:10:23","slug":"gestion-de-documentos-en-recursos-humanos","status":"publish","type":"page","link":"https:\/\/www.filedoc.com\/es\/soluciones\/gestion-de-documentos-en-recursos-humanos\/","title":{"rendered":"Gesti\u00f3n de documentos en Recursos Humanos"},"content":{"rendered":"<p>El software de gesti\u00f3n de documentos ayuda a los responsables de RRHH en estas \u00e1reas cr\u00edticas almacenando los registros de los empleados y gestionando los documentos de RRHH en un repositorio central. A partir de all\u00ed, los responsables de RRHH pueden crear sencillos flujos de trabajo para gestionar, por ejemplo, estas \u00e1reas cr\u00edticas.<\/p>\n","protected":false},"excerpt":{"rendered":"<p>El software de gesti\u00f3n de documentos ayuda a los responsables de RRHH en estas \u00e1reas cr\u00edticas almacenando los registros de los empleados y gestionando los documentos de RRHH en un repositorio central. A partir de all\u00ed, los responsables de RRHH pueden crear sencillos flujos de trabajo para gestionar, por ejemplo, estas \u00e1reas cr\u00edticas.<\/p>\n","protected":false},"author":2,"featured_media":6339,"parent":6517,"menu_order":0,"comment_status":"closed","ping_status":"closed","template":"","meta":{"_acf_changed":false,"footnotes":""},"class_list":["post-6451","page","type-page","status-publish","has-post-thumbnail","hentry"],"acf":[],"aioseo_notices":[],"_links":{"self":[{"href":"https:\/\/www.filedoc.com\/es\/wp-json\/wp\/v2\/pages\/6451","targetHints":{"allow":["GET"]}}],"collection":[{"href":"https:\/\/www.filedoc.com\/es\/wp-json\/wp\/v2\/pages"}],"about":[{"href":"https:\/\/www.filedoc.com\/es\/wp-json\/wp\/v2\/types\/page"}],"author":[{"embeddable":true,"href":"https:\/\/www.filedoc.com\/es\/wp-json\/wp\/v2\/users\/2"}],"replies":[{"embeddable":true,"href":"https:\/\/www.filedoc.com\/es\/wp-json\/wp\/v2\/comments?post=6451"}],"version-history":[{"count":4,"href":"https:\/\/www.filedoc.com\/es\/wp-json\/wp\/v2\/pages\/6451\/revisions"}],"predecessor-version":[{"id":9851,"href":"https:\/\/www.filedoc.com\/es\/wp-json\/wp\/v2\/pages\/6451\/revisions\/9851"}],"up":[{"embeddable":true,"href":"https:\/\/www.filedoc.com\/es\/wp-json\/wp\/v2\/pages\/6517"}],"wp:featuredmedia":[{"embeddable":true,"href":"https:\/\/www.filedoc.com\/es\/wp-json\/wp\/v2\/media\/6339"}],"wp:attachment":[{"href":"https:\/\/www.filedoc.com\/es\/wp-json\/wp\/v2\/media?parent=6451"}],"curies":[{"name":"wp","href":"https:\/\/api.w.org\/{rel}","templated":true}]}}