{"id":6448,"date":"2022-04-08T15:09:30","date_gmt":"2022-04-08T14:09:30","guid":{"rendered":"https:\/\/www.filedoc.com\/desmaterializacao-do-processo-de-faturas-de-fornecedores\/"},"modified":"2025-11-26T16:09:33","modified_gmt":"2025-11-26T16:09:33","slug":"desmaterializacion-del-proceso-de-facturacion-a-proveedores","status":"publish","type":"page","link":"https:\/\/www.filedoc.com\/es\/soluciones\/desmaterializacion-del-proceso-de-facturacion-a-proveedores\/","title":{"rendered":"Desmaterializaci\u00f3n del proceso de facturaci\u00f3n a proveedores"},"content":{"rendered":"<p>Mejorar la eficiencia en las \u00e1reas de finanzas y contabilidad, como las cuentas por pagar, las cuentas por cobrar y las auditor\u00edas financieras.<\/p>\n","protected":false},"excerpt":{"rendered":"<p>Mejorar la eficiencia en las \u00e1reas de finanzas y contabilidad, como las cuentas por pagar, las cuentas por cobrar y las auditor\u00edas financieras.<\/p>\n","protected":false},"author":2,"featured_media":6212,"parent":6517,"menu_order":0,"comment_status":"closed","ping_status":"closed","template":"","meta":{"_acf_changed":false,"footnotes":""},"class_list":["post-6448","page","type-page","status-publish","has-post-thumbnail","hentry"],"acf":[],"aioseo_notices":[],"_links":{"self":[{"href":"https:\/\/www.filedoc.com\/es\/wp-json\/wp\/v2\/pages\/6448","targetHints":{"allow":["GET"]}}],"collection":[{"href":"https:\/\/www.filedoc.com\/es\/wp-json\/wp\/v2\/pages"}],"about":[{"href":"https:\/\/www.filedoc.com\/es\/wp-json\/wp\/v2\/types\/page"}],"author":[{"embeddable":true,"href":"https:\/\/www.filedoc.com\/es\/wp-json\/wp\/v2\/users\/2"}],"replies":[{"embeddable":true,"href":"https:\/\/www.filedoc.com\/es\/wp-json\/wp\/v2\/comments?post=6448"}],"version-history":[{"count":4,"href":"https:\/\/www.filedoc.com\/es\/wp-json\/wp\/v2\/pages\/6448\/revisions"}],"predecessor-version":[{"id":9850,"href":"https:\/\/www.filedoc.com\/es\/wp-json\/wp\/v2\/pages\/6448\/revisions\/9850"}],"up":[{"embeddable":true,"href":"https:\/\/www.filedoc.com\/es\/wp-json\/wp\/v2\/pages\/6517"}],"wp:featuredmedia":[{"embeddable":true,"href":"https:\/\/www.filedoc.com\/es\/wp-json\/wp\/v2\/media\/6212"}],"wp:attachment":[{"href":"https:\/\/www.filedoc.com\/es\/wp-json\/wp\/v2\/media?parent=6448"}],"curies":[{"name":"wp","href":"https:\/\/api.w.org\/{rel}","templated":true}]}}