{"id":6439,"date":"2022-04-08T11:44:53","date_gmt":"2022-04-08T10:44:53","guid":{"rendered":"https:\/\/www.filedoc.com\/automatizacao-de-processos\/"},"modified":"2024-10-11T17:31:01","modified_gmt":"2024-10-11T16:31:01","slug":"automatizacion-de-procesos","status":"publish","type":"page","link":"https:\/\/www.filedoc.com\/es\/recursos\/automatizacion-de-procesos\/","title":{"rendered":"Automatizaci\u00f3n de procesos"},"content":{"rendered":"<p>Se puede lograr una mayor eficiencia en la gesti\u00f3n de procesos reduciendo el ciclo de vida de los mismos hasta en un 75% en procesos clave para la organizaci\u00f3n, como los pagos a proveedores, la gesti\u00f3n de contratos, los recursos humanos y los procesos del core business de la empresa.<\/p>\n","protected":false},"excerpt":{"rendered":"<p>Se puede lograr una mayor eficiencia en la gesti\u00f3n de procesos reduciendo el ciclo de vida de los mismos hasta en un 75% en procesos clave para la organizaci\u00f3n, como los pagos a proveedores, la gesti\u00f3n de contratos, los recursos humanos y los procesos del core business de la empresa.<\/p>\n","protected":false},"author":2,"featured_media":6333,"parent":6539,"menu_order":0,"comment_status":"closed","ping_status":"closed","template":"","meta":{"_acf_changed":false,"footnotes":""},"class_list":["post-6439","page","type-page","status-publish","has-post-thumbnail","hentry"],"acf":[],"aioseo_notices":[],"_links":{"self":[{"href":"https:\/\/www.filedoc.com\/es\/wp-json\/wp\/v2\/pages\/6439","targetHints":{"allow":["GET"]}}],"collection":[{"href":"https:\/\/www.filedoc.com\/es\/wp-json\/wp\/v2\/pages"}],"about":[{"href":"https:\/\/www.filedoc.com\/es\/wp-json\/wp\/v2\/types\/page"}],"author":[{"embeddable":true,"href":"https:\/\/www.filedoc.com\/es\/wp-json\/wp\/v2\/users\/2"}],"replies":[{"embeddable":true,"href":"https:\/\/www.filedoc.com\/es\/wp-json\/wp\/v2\/comments?post=6439"}],"version-history":[{"count":6,"href":"https:\/\/www.filedoc.com\/es\/wp-json\/wp\/v2\/pages\/6439\/revisions"}],"predecessor-version":[{"id":7903,"href":"https:\/\/www.filedoc.com\/es\/wp-json\/wp\/v2\/pages\/6439\/revisions\/7903"}],"up":[{"embeddable":true,"href":"https:\/\/www.filedoc.com\/es\/wp-json\/wp\/v2\/pages\/6539"}],"wp:featuredmedia":[{"embeddable":true,"href":"https:\/\/www.filedoc.com\/es\/wp-json\/wp\/v2\/media\/6333"}],"wp:attachment":[{"href":"https:\/\/www.filedoc.com\/es\/wp-json\/wp\/v2\/media?parent=6439"}],"curies":[{"name":"wp","href":"https:\/\/api.w.org\/{rel}","templated":true}]}}