{"id":6436,"date":"2022-04-08T10:40:49","date_gmt":"2022-04-08T09:40:49","guid":{"rendered":"https:\/\/www.filedoc.com\/gestao-do-workflow\/"},"modified":"2024-10-15T10:28:17","modified_gmt":"2024-10-15T09:28:17","slug":"gestion-del-workflow","status":"publish","type":"page","link":"https:\/\/www.filedoc.com\/es\/recursos\/gestion-del-workflow\/","title":{"rendered":"Gesti\u00f3n del Workflow"},"content":{"rendered":"<p>Los workflows se utilizan para automatizar y desmaterializar los procesos de las organizaciones.<br \/>\nUn Workflow determina qui\u00e9n realiza qu\u00e9, c\u00f3mo y cu\u00e1ndo. Los workflows tienen un punto de partida definido y constan de varios pasos que pueden requerir o no decisiones o aprobaciones humanas.<\/p>\n","protected":false},"excerpt":{"rendered":"<p>Los workflows se utilizan para automatizar y desmaterializar los procesos de las organizaciones. Un Workflow determina qui\u00e9n realiza qu\u00e9, c\u00f3mo y cu\u00e1ndo. Los workflows tienen un punto de partida definido y constan de varios pasos que pueden requerir o no decisiones o aprobaciones humanas.<\/p>\n","protected":false},"author":2,"featured_media":6334,"parent":6539,"menu_order":0,"comment_status":"closed","ping_status":"closed","template":"","meta":{"_acf_changed":false,"footnotes":""},"class_list":["post-6436","page","type-page","status-publish","has-post-thumbnail","hentry"],"acf":[],"aioseo_notices":[],"_links":{"self":[{"href":"https:\/\/www.filedoc.com\/es\/wp-json\/wp\/v2\/pages\/6436","targetHints":{"allow":["GET"]}}],"collection":[{"href":"https:\/\/www.filedoc.com\/es\/wp-json\/wp\/v2\/pages"}],"about":[{"href":"https:\/\/www.filedoc.com\/es\/wp-json\/wp\/v2\/types\/page"}],"author":[{"embeddable":true,"href":"https:\/\/www.filedoc.com\/es\/wp-json\/wp\/v2\/users\/2"}],"replies":[{"embeddable":true,"href":"https:\/\/www.filedoc.com\/es\/wp-json\/wp\/v2\/comments?post=6436"}],"version-history":[{"count":4,"href":"https:\/\/www.filedoc.com\/es\/wp-json\/wp\/v2\/pages\/6436\/revisions"}],"predecessor-version":[{"id":8360,"href":"https:\/\/www.filedoc.com\/es\/wp-json\/wp\/v2\/pages\/6436\/revisions\/8360"}],"up":[{"embeddable":true,"href":"https:\/\/www.filedoc.com\/es\/wp-json\/wp\/v2\/pages\/6539"}],"wp:featuredmedia":[{"embeddable":true,"href":"https:\/\/www.filedoc.com\/es\/wp-json\/wp\/v2\/media\/6334"}],"wp:attachment":[{"href":"https:\/\/www.filedoc.com\/es\/wp-json\/wp\/v2\/media?parent=6436"}],"curies":[{"name":"wp","href":"https:\/\/api.w.org\/{rel}","templated":true}]}}