{"id":6433,"date":"2022-04-07T15:27:39","date_gmt":"2022-04-07T14:27:39","guid":{"rendered":"https:\/\/www.filedoc.com\/gestao-documental\/"},"modified":"2024-10-16T12:39:46","modified_gmt":"2024-10-16T11:39:46","slug":"gestion-documental","status":"publish","type":"page","link":"https:\/\/www.filedoc.com\/es\/recursos\/gestion-documental\/","title":{"rendered":"software gest\u00e3o"},"content":{"rendered":"<p>La gesti\u00f3n de documentos y procesos es esencial para el buen funcionamiento de una empresa y un reflejo de su organizaci\u00f3n interna. La existencia de grandes vol\u00famenes de informaci\u00f3n, tanto externa como interna, provoca la p\u00e9rdida de documentos, aumenta la dificultad para acceder r\u00e1pidamente a la informaci\u00f3n y a su localizaci\u00f3n f\u00edsica, y dificulta el control de los flujos de informaci\u00f3n.<\/p>\n","protected":false},"excerpt":{"rendered":"<p>La gesti\u00f3n de documentos y procesos es esencial para el buen funcionamiento de una empresa y un reflejo de su organizaci\u00f3n interna. La existencia de grandes vol\u00famenes de informaci\u00f3n, tanto externa como interna, provoca la p\u00e9rdida de documentos, aumenta la dificultad para acceder r\u00e1pidamente a la informaci\u00f3n y a su localizaci\u00f3n f\u00edsica, y dificulta el [&hellip;]<\/p>\n","protected":false},"author":2,"featured_media":9216,"parent":6539,"menu_order":0,"comment_status":"closed","ping_status":"closed","template":"","meta":{"_acf_changed":false,"footnotes":""},"class_list":["post-6433","page","type-page","status-publish","has-post-thumbnail","hentry"],"acf":[],"aioseo_notices":[],"_links":{"self":[{"href":"https:\/\/www.filedoc.com\/es\/wp-json\/wp\/v2\/pages\/6433","targetHints":{"allow":["GET"]}}],"collection":[{"href":"https:\/\/www.filedoc.com\/es\/wp-json\/wp\/v2\/pages"}],"about":[{"href":"https:\/\/www.filedoc.com\/es\/wp-json\/wp\/v2\/types\/page"}],"author":[{"embeddable":true,"href":"https:\/\/www.filedoc.com\/es\/wp-json\/wp\/v2\/users\/2"}],"replies":[{"embeddable":true,"href":"https:\/\/www.filedoc.com\/es\/wp-json\/wp\/v2\/comments?post=6433"}],"version-history":[{"count":5,"href":"https:\/\/www.filedoc.com\/es\/wp-json\/wp\/v2\/pages\/6433\/revisions"}],"predecessor-version":[{"id":8379,"href":"https:\/\/www.filedoc.com\/es\/wp-json\/wp\/v2\/pages\/6433\/revisions\/8379"}],"up":[{"embeddable":true,"href":"https:\/\/www.filedoc.com\/es\/wp-json\/wp\/v2\/pages\/6539"}],"wp:featuredmedia":[{"embeddable":true,"href":"https:\/\/www.filedoc.com\/es\/wp-json\/wp\/v2\/media\/9216"}],"wp:attachment":[{"href":"https:\/\/www.filedoc.com\/es\/wp-json\/wp\/v2\/media?parent=6433"}],"curies":[{"name":"wp","href":"https:\/\/api.w.org\/{rel}","templated":true}]}}