{"id":6430,"date":"2022-04-12T08:05:30","date_gmt":"2022-04-12T07:05:30","guid":{"rendered":"https:\/\/www.filedoc.com\/a-plataforma\/filedoc-cloud-services\/"},"modified":"2025-03-12T13:28:49","modified_gmt":"2025-03-12T13:28:49","slug":"filedoc-cloud-services","status":"publish","type":"page","link":"https:\/\/www.filedoc.com\/es\/la-plataforma\/filedoc-cloud-services\/","title":{"rendered":"Filedoc Servicios en la nube"},"content":{"rendered":"<p>El Filedoc Cloud Services es un servicio puesto a disposici\u00f3n por Filedoc en su infraestructura y que tiene como objetivo garantizar la comunicaci\u00f3n entre la soluci\u00f3n Filedoc y los canales externos a la organizaci\u00f3n, de forma segura y encriptada, utilizando el protocolo Web Sockets.<\/p>\n","protected":false},"excerpt":{"rendered":"<p>El Filedoc Cloud Services es un servicio puesto a disposici\u00f3n por Filedoc en su infraestructura y que tiene como objetivo garantizar la comunicaci\u00f3n entre la soluci\u00f3n Filedoc y los canales externos a la organizaci\u00f3n, de forma segura y encriptada, utilizando el protocolo Web Sockets.<\/p>\n","protected":false},"author":2,"featured_media":6357,"parent":6422,"menu_order":0,"comment_status":"closed","ping_status":"closed","template":"","meta":{"_acf_changed":false,"footnotes":""},"class_list":["post-6430","page","type-page","status-publish","has-post-thumbnail","hentry"],"acf":[],"aioseo_notices":[],"_links":{"self":[{"href":"https:\/\/www.filedoc.com\/es\/wp-json\/wp\/v2\/pages\/6430","targetHints":{"allow":["GET"]}}],"collection":[{"href":"https:\/\/www.filedoc.com\/es\/wp-json\/wp\/v2\/pages"}],"about":[{"href":"https:\/\/www.filedoc.com\/es\/wp-json\/wp\/v2\/types\/page"}],"author":[{"embeddable":true,"href":"https:\/\/www.filedoc.com\/es\/wp-json\/wp\/v2\/users\/2"}],"replies":[{"embeddable":true,"href":"https:\/\/www.filedoc.com\/es\/wp-json\/wp\/v2\/comments?post=6430"}],"version-history":[{"count":6,"href":"https:\/\/www.filedoc.com\/es\/wp-json\/wp\/v2\/pages\/6430\/revisions"}],"predecessor-version":[{"id":8710,"href":"https:\/\/www.filedoc.com\/es\/wp-json\/wp\/v2\/pages\/6430\/revisions\/8710"}],"up":[{"embeddable":true,"href":"https:\/\/www.filedoc.com\/es\/wp-json\/wp\/v2\/pages\/6422"}],"wp:featuredmedia":[{"embeddable":true,"href":"https:\/\/www.filedoc.com\/es\/wp-json\/wp\/v2\/media\/6357"}],"wp:attachment":[{"href":"https:\/\/www.filedoc.com\/es\/wp-json\/wp\/v2\/media?parent=6430"}],"curies":[{"name":"wp","href":"https:\/\/api.w.org\/{rel}","templated":true}]}}